{"id":2,"date":"2026-01-13T15:26:04","date_gmt":"2026-01-13T14:26:04","guid":{"rendered":"https:\/\/hometextil.hu\/?page_id=2"},"modified":"2026-03-08T15:51:38","modified_gmt":"2026-03-08T14:51:38","slug":"fejlesztes-alatt","status":"publish","type":"page","link":"https:\/\/hometextil.hu\/hu\/","title":{"rendered":"Fejleszt\u00e9s alatt"},"content":{"rendered":"\t\t<div data-elementor-type=\"wp-page\" data-elementor-id=\"2\" class=\"elementor elementor-2\" data-elementor-post-type=\"page\">\n\t\t\t\t<div class=\"elementor-element elementor-element-ae0ec22 e-flex e-con-boxed e-con e-parent\" data-id=\"ae0ec22\" data-element_type=\"container\" data-e-type=\"container\">\n\t\t\t\t\t<div class=\"e-con-inner\">\n\t\t\t\t<div class=\"elementor-element elementor-element-54456b9 elementor-widget elementor-widget-heading\" data-id=\"54456b9\" data-element_type=\"widget\" data-e-type=\"widget\" data-widget_type=\"heading.default\">\n\t\t\t\t\t<h2 class=\"elementor-heading-title elementor-size-default\">A weboldal fejleszt\u00e9s alatt \u00e1ll...<\/h2>\t\t\t\t<\/div>\n\t\t\t\t\t<\/div>\n\t\t\t\t<\/div>\n\t\t\t\t<\/div>\n\t\t","protected":false},"excerpt":{"rendered":"<p>A weboldal fejleszt\u00e9s alatt \u00e1ll&#8230;<\/p>\n","protected":false},"author":1,"featured_media":0,"parent":0,"menu_order":0,"comment_status":"closed","ping_status":"open","template":"elementor_header_footer","meta":{"site-sidebar-layout":"no-sidebar","site-content-layout":"","ast-site-content-layout":"full-width-container","site-content-style":"default","site-sidebar-style":"default","ast-global-header-display":"","ast-banner-title-visibility":"","ast-main-header-display":"","ast-hfb-above-header-display":"","ast-hfb-below-header-display":"","ast-hfb-mobile-header-display":"","site-post-title":"","ast-breadcrumbs-content":"","ast-featured-img":"disabled","footer-sml-layout":"","ast-disable-related-posts":"","theme-transparent-header-meta":"","adv-header-id-meta":"","stick-header-meta":"","header-above-stick-meta":"","header-main-stick-meta":"","header-below-stick-meta":"","astra-migrate-meta-layouts":"default","ast-page-background-enabled":"default","ast-page-background-meta":{"desktop":{"background-color":"var(--ast-global-color-5)","background-image":"","background-repeat":"repeat","background-position":"center center","background-size":"auto","background-attachment":"scroll","background-type":"","background-media":"","overlay-type":"","overlay-color":"","overlay-opacity":"","overlay-gradient":""},"tablet":{"background-color":"","background-image":"","background-repeat":"repeat","background-position":"center center","background-size":"auto","background-attachment":"scroll","background-type":"","background-media":"","overlay-type":"","overlay-color":"","overlay-opacity":"","overlay-gradient":""},"mobile":{"background-color":"","background-image":"","background-repeat":"repeat","background-position":"center center","background-size":"auto","background-attachment":"scroll","background-type":"","background-media":"","overlay-type":"","overlay-color":"","overlay-opacity":"","overlay-gradient":""}},"ast-content-background-meta":{"desktop":{"background-color":"var(--ast-global-color-4)","background-image":"","background-repeat":"repeat","background-position":"center center","background-size":"auto","background-attachment":"scroll","background-type":"","background-media":"","overlay-type":"","overlay-color":"","overlay-opacity":"","overlay-gradient":""},"tablet":{"background-color":"var(--ast-global-color-4)","background-image":"","background-repeat":"repeat","background-position":"center center","background-size":"auto","background-attachment":"scroll","background-type":"","background-media":"","overlay-type":"","overlay-color":"","overlay-opacity":"","overlay-gradient":""},"mobile":{"background-color":"var(--ast-global-color-4)","background-image":"","background-repeat":"repeat","background-position":"center center","background-size":"auto","background-attachment":"scroll","background-type":"","background-media":"","overlay-type":"","overlay-color":"","overlay-opacity":"","overlay-gradient":""}},"footnotes":""},"class_list":["post-2","page","type-page","status-publish","hentry"],"yoast_head":"<!-- This site is optimized with the Yoast SEO Premium plugin v27.1 (Yoast SEO v27.1.1) - https:\/\/yoast.com\/product\/yoast-seo-premium-wordpress\/ -->\n<title>Fejleszt\u00e9s alatt - HomeTextil<\/title>\n<meta name=\"description\" content=\"A Hometextil.hu weboldal fejleszt\u00e9s alatt \u00e1ll, k\u00e9rj\u00fck l\u00e1togasson vissza k\u00e9s\u0151bb. K\u00f6sz\u00f6n\u00f6j\u00fck!\" \/>\n<meta name=\"robots\" content=\"index, follow, max-snippet:-1, max-image-preview:large, max-video-preview:-1\" \/>\n<link rel=\"canonical\" href=\"https:\/\/hometextil.hu\/hu\/\" \/>\n<meta property=\"og:locale\" content=\"hu_HU\" \/>\n<meta property=\"og:type\" content=\"article\" \/>\n<meta property=\"og:title\" content=\"Fejleszt\u00e9s alatt\" \/>\n<meta property=\"og:description\" content=\"A Hometextil.hu weboldal fejleszt\u00e9s alatt \u00e1ll, k\u00e9rj\u00fck l\u00e1togasson vissza k\u00e9s\u0151bb. K\u00f6sz\u00f6n\u00f6j\u00fck!\" \/>\n<meta property=\"og:url\" content=\"https:\/\/hometextil.hu\/hu\/\" \/>\n<meta property=\"og:site_name\" content=\"HomeTextil\" \/>\n<meta property=\"article:modified_time\" content=\"2026-03-08T14:51:38+00:00\" \/>\n<meta name=\"twitter:card\" content=\"summary_large_image\" \/>\n<meta name=\"twitter:label1\" content=\"Becs\u00fclt olvas\u00e1si id\u0151\" \/>\n\t<meta name=\"twitter:data1\" content=\"1 perc\" \/>\n<script type=\"application\/ld+json\" class=\"yoast-schema-graph\">{\"@context\":\"https:\/\/schema.org\",\"@graph\":[{\"@type\":\"WebPage\",\"@id\":\"https:\/\/hometextil.hu\/\",\"url\":\"https:\/\/hometextil.hu\/\",\"name\":\"Fejleszt\u00e9s alatt - HomeTextil\",\"isPartOf\":{\"@id\":\"https:\/\/hometextil.hu\/#website\"},\"datePublished\":\"2026-01-13T14:26:04+00:00\",\"dateModified\":\"2026-03-08T14:51:38+00:00\",\"description\":\"A Hometextil.hu weboldal fejleszt\u00e9s alatt \u00e1ll, k\u00e9rj\u00fck l\u00e1togasson vissza k\u00e9s\u0151bb. K\u00f6sz\u00f6n\u00f6j\u00fck!\",\"breadcrumb\":{\"@id\":\"https:\/\/hometextil.hu\/#breadcrumb\"},\"inLanguage\":\"hu\",\"potentialAction\":[{\"@type\":\"ReadAction\",\"target\":[\"https:\/\/hometextil.hu\/\"]}]},{\"@type\":\"BreadcrumbList\",\"@id\":\"https:\/\/hometextil.hu\/#breadcrumb\",\"itemListElement\":[{\"@type\":\"ListItem\",\"position\":1,\"name\":\"Kezd\u0151lap\",\"item\":\"https:\/\/hometextil.hu\/\"},{\"@type\":\"ListItem\",\"position\":2,\"name\":\"Fejleszt\u00e9s alatt\"}]},{\"@type\":\"WebSite\",\"@id\":\"https:\/\/hometextil.hu\/#website\",\"url\":\"https:\/\/hometextil.hu\/\",\"name\":\"HomeTextil\",\"description\":\"\",\"publisher\":{\"@id\":\"https:\/\/hometextil.hu\/#organization\"},\"potentialAction\":[{\"@type\":\"SearchAction\",\"target\":{\"@type\":\"EntryPoint\",\"urlTemplate\":\"https:\/\/hometextil.hu\/?s={search_term_string}\"},\"query-input\":{\"@type\":\"PropertyValueSpecification\",\"valueRequired\":true,\"valueName\":\"search_term_string\"}}],\"inLanguage\":\"hu\"},{\"@type\":\"Organization\",\"@id\":\"https:\/\/hometextil.hu\/#organization\",\"name\":\"HomeTextil\",\"url\":\"https:\/\/hometextil.hu\/\",\"logo\":{\"@type\":\"ImageObject\",\"inLanguage\":\"hu\",\"@id\":\"https:\/\/hometextil.hu\/#\/schema\/logo\/image\/\",\"url\":\"https:\/\/hometextil.hu\/wp-content\/uploads\/2026\/03\/HomeTextil_logo_variations-04-scaled.webp\",\"contentUrl\":\"https:\/\/hometextil.hu\/wp-content\/uploads\/2026\/03\/HomeTextil_logo_variations-04-scaled.webp\",\"width\":2560,\"height\":747,\"caption\":\"HomeTextil\"},\"image\":{\"@id\":\"https:\/\/hometextil.hu\/#\/schema\/logo\/image\/\"}}]}<\/script>\n<!-- \/ Yoast SEO Premium plugin. -->","yoast_head_json":{"title":"Fejleszt\u00e9s alatt - HomeTextil","description":"A Hometextil.hu weboldal fejleszt\u00e9s alatt \u00e1ll, k\u00e9rj\u00fck l\u00e1togasson vissza k\u00e9s\u0151bb. K\u00f6sz\u00f6n\u00f6j\u00fck!","robots":{"index":"index","follow":"follow","max-snippet":"max-snippet:-1","max-image-preview":"max-image-preview:large","max-video-preview":"max-video-preview:-1"},"canonical":"https:\/\/hometextil.hu\/hu\/","og_locale":"hu_HU","og_type":"article","og_title":"Fejleszt\u00e9s alatt","og_description":"A Hometextil.hu weboldal fejleszt\u00e9s alatt \u00e1ll, k\u00e9rj\u00fck l\u00e1togasson vissza k\u00e9s\u0151bb. K\u00f6sz\u00f6n\u00f6j\u00fck!","og_url":"https:\/\/hometextil.hu\/hu\/","og_site_name":"HomeTextil","article_modified_time":"2026-03-08T14:51:38+00:00","twitter_card":"summary_large_image","twitter_misc":{"Becs\u00fclt olvas\u00e1si id\u0151":"1 perc"},"schema":{"@context":"https:\/\/schema.org","@graph":[{"@type":"WebPage","@id":"https:\/\/hometextil.hu\/","url":"https:\/\/hometextil.hu\/","name":"Fejleszt\u00e9s alatt - HomeTextil","isPartOf":{"@id":"https:\/\/hometextil.hu\/#website"},"datePublished":"2026-01-13T14:26:04+00:00","dateModified":"2026-03-08T14:51:38+00:00","description":"A Hometextil.hu weboldal fejleszt\u00e9s alatt \u00e1ll, k\u00e9rj\u00fck l\u00e1togasson vissza k\u00e9s\u0151bb. K\u00f6sz\u00f6n\u00f6j\u00fck!","breadcrumb":{"@id":"https:\/\/hometextil.hu\/#breadcrumb"},"inLanguage":"hu","potentialAction":[{"@type":"ReadAction","target":["https:\/\/hometextil.hu\/"]}]},{"@type":"BreadcrumbList","@id":"https:\/\/hometextil.hu\/#breadcrumb","itemListElement":[{"@type":"ListItem","position":1,"name":"Kezd\u0151lap","item":"https:\/\/hometextil.hu\/"},{"@type":"ListItem","position":2,"name":"Fejleszt\u00e9s alatt"}]},{"@type":"WebSite","@id":"https:\/\/hometextil.hu\/#website","url":"https:\/\/hometextil.hu\/","name":"HomeTextil","description":"","publisher":{"@id":"https:\/\/hometextil.hu\/#organization"},"potentialAction":[{"@type":"SearchAction","target":{"@type":"EntryPoint","urlTemplate":"https:\/\/hometextil.hu\/?s={search_term_string}"},"query-input":{"@type":"PropertyValueSpecification","valueRequired":true,"valueName":"search_term_string"}}],"inLanguage":"hu"},{"@type":"Organization","@id":"https:\/\/hometextil.hu\/#organization","name":"HomeTextil","url":"https:\/\/hometextil.hu\/","logo":{"@type":"ImageObject","inLanguage":"hu","@id":"https:\/\/hometextil.hu\/#\/schema\/logo\/image\/","url":"https:\/\/hometextil.hu\/wp-content\/uploads\/2026\/03\/HomeTextil_logo_variations-04-scaled.webp","contentUrl":"https:\/\/hometextil.hu\/wp-content\/uploads\/2026\/03\/HomeTextil_logo_variations-04-scaled.webp","width":2560,"height":747,"caption":"HomeTextil"},"image":{"@id":"https:\/\/hometextil.hu\/#\/schema\/logo\/image\/"}}]}},"_links":{"self":[{"href":"https:\/\/hometextil.hu\/hu\/wp-json\/wp\/v2\/pages\/2","targetHints":{"allow":["GET"]}}],"collection":[{"href":"https:\/\/hometextil.hu\/hu\/wp-json\/wp\/v2\/pages"}],"about":[{"href":"https:\/\/hometextil.hu\/hu\/wp-json\/wp\/v2\/types\/page"}],"author":[{"embeddable":true,"href":"https:\/\/hometextil.hu\/hu\/wp-json\/wp\/v2\/users\/1"}],"replies":[{"embeddable":true,"href":"https:\/\/hometextil.hu\/hu\/wp-json\/wp\/v2\/comments?post=2"}],"version-history":[{"count":4,"href":"https:\/\/hometextil.hu\/hu\/wp-json\/wp\/v2\/pages\/2\/revisions"}],"predecessor-version":[{"id":74,"href":"https:\/\/hometextil.hu\/hu\/wp-json\/wp\/v2\/pages\/2\/revisions\/74"}],"wp:attachment":[{"href":"https:\/\/hometextil.hu\/hu\/wp-json\/wp\/v2\/media?parent=2"}],"curies":[{"name":"wp","href":"https:\/\/api.w.org\/{rel}","templated":true}]}}